{"id":29352,"date":"2022-07-27T13:23:16","date_gmt":"2022-07-27T11:23:16","guid":{"rendered":"https:\/\/ascenseurs-menetrey.ch\/?page_id=29352"},"modified":"2024-01-12T14:29:29","modified_gmt":"2024-01-12T13:29:29","slug":"innovations","status":"publish","type":"page","link":"https:\/\/menetrey-lift.ch\/en\/innovations\/","title":{"rendered":"Innovations"},"content":{"rendered":"<p><div class=\"fusion-fullwidth fullwidth-box fusion-builder-row-1 fusion-flex-container has-pattern-background has-mask-background fusion-parallax-none nonhundred-percent-fullwidth non-hundred-percent-height-scrolling lazyload\" style=\"--awb-border-radius-top-left:0px;--awb-border-radius-top-right:0px;--awb-border-radius-bottom-right:0px;--awb-border-radius-bottom-left:0px;--awb-padding-top:10vh;--awb-padding-bottom:10vh;--awb-background-color:#919191;--awb-background-image:linear-gradient(180deg, rgba(0,0,0,0.3) 0%,rgba(0,0,0,0.3) 100%);;--awb-background-size:cover;--awb-flex-wrap:wrap;\" data-bg=\"https:\/\/ascenseurs-menetrey.ch\/wp-content\/uploads\/2022\/08\/innovation.jpg\" data-bg-gradient=\"linear-gradient(180deg, rgba(0,0,0,0.3) 0%,rgba(0,0,0,0.3) 100%)\" ><div class=\"fusion-builder-row fusion-row fusion-flex-align-items-flex-start fusion-flex-content-wrap\" style=\"max-width:1424.8px;margin-left: calc(-4% \/ 2 );margin-right: calc(-4% \/ 2 );\"><div class=\"fusion-layout-column fusion_builder_column fusion-builder-column-0 fusion_builder_column_1_1 1_1 fusion-flex-column\" style=\"--awb-padding-top:4vw;--awb-padding-bottom:4vw;--awb-bg-size:cover;--awb-width-large:100%;--awb-margin-top-large:0px;--awb-spacing-right-large:1.92%;--awb-margin-bottom-large:20px;--awb-spacing-left-large:1.92%;--awb-width-medium:100%;--awb-order-medium:0;--awb-spacing-right-medium:1.92%;--awb-spacing-left-medium:1.92%;--awb-width-small:100%;--awb-order-small:0;--awb-spacing-right-small:1.92%;--awb-spacing-left-small:1.92%;\"><div class=\"fusion-column-wrapper fusion-column-has-shadow fusion-flex-justify-content-flex-start fusion-content-layout-column\"><div class=\"fusion-title title fusion-title-1 fusion-sep-none fusion-title-center fusion-title-text fusion-title-size-two\" style=\"--awb-text-color:var(--awb-color1);--awb-margin-top-small:10px;--awb-margin-right-small:0px;--awb-margin-bottom-small:10px;--awb-margin-left-small:0px;\"><h2 class=\"fusion-title-heading title-heading-center fusion-responsive-typography-calculated\" style=\"margin:0;text-transform:uppercase;--fontSize:47;line-height:1.1;\">Innovations<\/h2><\/div><\/div><\/div><\/div><\/div><div class=\"fusion-fullwidth fullwidth-box fusion-builder-row-2 fusion-flex-container has-pattern-background has-mask-background fusion-parallax-none nonhundred-percent-fullwidth non-hundred-percent-height-scrolling lazyload\" style=\"--awb-background-repeat:repeat;--awb-border-sizes-bottom:25px;--awb-border-color:var(--awb-color5);--awb-border-radius-top-left:0px;--awb-border-radius-top-right:0px;--awb-border-radius-bottom-right:0px;--awb-border-radius-bottom-left:0px;--awb-padding-top:5%;--awb-padding-bottom:5%;--awb-padding-top-medium:10%;--awb-padding-bottom-medium:10%;--awb-padding-top-small:15%;--awb-padding-right-small:30px;--awb-padding-bottom-small:15%;--awb-padding-left-small:30px;--awb-margin-top:0px;--awb-margin-bottom:0px;--awb-background-color:var(--awb-color7);--awb-flex-wrap:wrap;\" data-bg=\"https:\/\/ascenseurs-menetrey.ch\/wp-content\/uploads\/2022\/05\/trame-x2.png\" ><div class=\"fusion-builder-row fusion-row fusion-flex-align-items-flex-start fusion-flex-justify-content-center fusion-flex-content-wrap\" style=\"max-width:1424.8px;margin-left: calc(-4% \/ 2 );margin-right: calc(-4% \/ 2 );\"><div class=\"fusion-layout-column fusion_builder_column fusion-builder-column-1 fusion_builder_column_3_4 3_4 fusion-flex-column\" style=\"--awb-bg-size:cover;--awb-width-large:75%;--awb-margin-top-large:0px;--awb-spacing-right-large:2.56%;--awb-margin-bottom-large:20px;--awb-spacing-left-large:2.56%;--awb-width-medium:100%;--awb-order-medium:0;--awb-spacing-right-medium:1.92%;--awb-spacing-left-medium:1.92%;--awb-width-small:100%;--awb-order-small:0;--awb-spacing-right-small:1.92%;--awb-spacing-left-small:1.92%;\"><div class=\"fusion-column-wrapper fusion-column-has-shadow fusion-flex-justify-content-flex-start fusion-content-layout-column\"><div class=\"fusion-text fusion-text-1\" style=\"--awb-content-alignment:center;--awb-font-size:25px;--awb-line-height:1.4;--awb-text-color:var(--awb-color1);\"><p>Chez Ascenseurs Men\u00e9trey, chaque nouvelle installation rime avec innovation car elle est le r\u00e9sultat d\u2019une conception personnalis\u00e9e. Cependant, nous ne cessons d\u2019innover afin d\u2019am\u00e9liorer le confort d\u2019utilisation de nos syst\u00e8mes tout en les orientant dans une approche durable. Preuve en est notre nouvel ascenseur \u00ab CelticLift \u00bb ! Chez nous, l\u2019innovation c\u2019est \u00e9galement la mise sur pieds d\u2019une structure de management qui fait de la place \u00e0 chaque coll\u00e8gue de l\u2019entreprise en tant qu\u2019Homme et Individu singulier.<\/p>\n<\/div><\/div><\/div><\/div><\/div><div id=\"celtic\" class=\"fusion-container-anchor\"><div class=\"fusion-fullwidth fullwidth-box fusion-builder-row-3 fusion-flex-container has-pattern-background has-mask-background nonhundred-percent-fullwidth non-hundred-percent-height-scrolling\" style=\"--awb-border-radius-top-left:0px;--awb-border-radius-top-right:0px;--awb-border-radius-bottom-right:0px;--awb-border-radius-bottom-left:0px;--awb-padding-top:5%;--awb-padding-bottom:5%;--awb-padding-top-medium:10%;--awb-padding-bottom-medium:10%;--awb-padding-top-small:15%;--awb-padding-right-small:30px;--awb-padding-bottom-small:15%;--awb-padding-left-small:30px;--awb-margin-top:0px;--awb-margin-bottom:0px;--awb-background-color:var(--awb-color1);--awb-flex-wrap:wrap;\" ><div class=\"fusion-builder-row fusion-row fusion-flex-align-items-flex-start fusion-flex-justify-content-center fusion-flex-content-wrap\" style=\"max-width:1424.8px;margin-left: calc(-4% \/ 2 );margin-right: calc(-4% \/ 2 );\"><div class=\"fusion-layout-column fusion_builder_column fusion-builder-column-2 fusion_builder_column_1_4 1_4 fusion-flex-column\" style=\"--awb-bg-size:cover;--awb-width-large:25%;--awb-margin-top-large:0px;--awb-spacing-right-large:7.68%;--awb-margin-bottom-large:20px;--awb-spacing-left-large:7.68%;--awb-width-medium:80%;--awb-order-medium:0;--awb-spacing-right-medium:2.4%;--awb-spacing-left-medium:2.4%;--awb-width-small:100%;--awb-order-small:0;--awb-spacing-right-small:1.92%;--awb-spacing-left-small:1.92%;\"><div class=\"fusion-column-wrapper fusion-column-has-shadow fusion-flex-justify-content-flex-start fusion-content-layout-column\"><div class=\"fusion-image-element\" style=\"--awb-margin-top:25px;--awb-caption-title-font-family:var(--h2_typography-font-family);--awb-caption-title-font-weight:var(--h2_typography-font-weight);--awb-caption-title-font-style:var(--h2_typography-font-style);--awb-caption-title-size:var(--h2_typography-font-size);--awb-caption-title-transform:var(--h2_typography-text-transform);--awb-caption-title-line-height:var(--h2_typography-line-height);--awb-caption-title-letter-spacing:var(--h2_typography-letter-spacing);\"><span class=\"fusion-imageframe imageframe-none imageframe-1 hover-type-none\"><a class=\"fusion-no-lightbox\" href=\"https:\/\/www.celtic-lift.ch\/index.php\" target=\"_blank\" aria-label=\"celtic-Lift\" rel=\"noopener noreferrer\"><img decoding=\"async\" width=\"500\" height=\"500\" alt=\"Vers le site Celtic-Lift de Men\u00e9trey Ascenseurs\" src=\"https:\/\/menetrey-lift.ch\/wp-content\/uploads\/2022\/07\/celtic-pics-4.jpg\" data-orig-src=\"https:\/\/ascenseurs-menetrey.ch\/wp-content\/uploads\/2022\/07\/celtic-pics-4.jpg\" class=\"lazyload img-responsive wp-image-29535\" srcset=\"data:image\/svg+xml,%3Csvg%20xmlns%3D%27http%3A%2F%2Fwww.w3.org%2F2000%2Fsvg%27%20width%3D%27500%27%20height%3D%27500%27%20viewBox%3D%270%200%20500%20500%27%3E%3Crect%20width%3D%27500%27%20height%3D%27500%27%20fill-opacity%3D%220%22%2F%3E%3C%2Fsvg%3E\" data-srcset=\"https:\/\/menetrey-lift.ch\/wp-content\/uploads\/2022\/07\/celtic-pics-4-200x200.jpg 200w, https:\/\/menetrey-lift.ch\/wp-content\/uploads\/2022\/07\/celtic-pics-4-400x400.jpg 400w, https:\/\/menetrey-lift.ch\/wp-content\/uploads\/2022\/07\/celtic-pics-4.jpg 500w\" data-sizes=\"auto\" data-orig-sizes=\"(max-width: 640px) 100vw, 400px\" \/><\/a><\/span><\/div><div class=\"fusion-image-element\" style=\"--awb-margin-top:25px;--awb-caption-title-font-family:var(--h2_typography-font-family);--awb-caption-title-font-weight:var(--h2_typography-font-weight);--awb-caption-title-font-style:var(--h2_typography-font-style);--awb-caption-title-size:var(--h2_typography-font-size);--awb-caption-title-transform:var(--h2_typography-text-transform);--awb-caption-title-line-height:var(--h2_typography-line-height);--awb-caption-title-letter-spacing:var(--h2_typography-letter-spacing);\"><span class=\"fusion-imageframe imageframe-none imageframe-2 hover-type-none\"><a class=\"fusion-no-lightbox\" href=\"https:\/\/innovation-fribourg.ch\/les-laureats-et-finalistes\/\" target=\"_blank\" aria-label=\"Prix de l&rsquo;Innovation &#8211; Fribourg\" rel=\"noopener noreferrer\"><img decoding=\"async\" width=\"410\" height=\"142\" alt=\"Prix de l&#039;Innovation - Fribourg\" src=\"https:\/\/menetrey-lift.ch\/wp-content\/uploads\/2022\/05\/innovation-award.png\" data-orig-src=\"https:\/\/ascenseurs-menetrey.ch\/wp-content\/uploads\/2022\/05\/innovation-award.png\" class=\"lazyload img-responsive wp-image-29043\" srcset=\"data:image\/svg+xml,%3Csvg%20xmlns%3D%27http%3A%2F%2Fwww.w3.org%2F2000%2Fsvg%27%20width%3D%27410%27%20height%3D%27142%27%20viewBox%3D%270%200%20410%20142%27%3E%3Crect%20width%3D%27410%27%20height%3D%27142%27%20fill-opacity%3D%220%22%2F%3E%3C%2Fsvg%3E\" data-srcset=\"https:\/\/menetrey-lift.ch\/wp-content\/uploads\/2022\/05\/innovation-award-200x69.png 200w, https:\/\/menetrey-lift.ch\/wp-content\/uploads\/2022\/05\/innovation-award-400x139.png 400w, https:\/\/menetrey-lift.ch\/wp-content\/uploads\/2022\/05\/innovation-award.png 410w\" data-sizes=\"auto\" data-orig-sizes=\"(max-width: 640px) 100vw, 400px\" \/><\/a><\/span><\/div><\/div><\/div><div class=\"fusion-layout-column fusion_builder_column fusion-builder-column-3 fusion_builder_column_3_5 3_5 fusion-flex-column\" style=\"--awb-bg-size:cover;--awb-width-large:60%;--awb-margin-top-large:0px;--awb-spacing-right-large:3.2%;--awb-margin-bottom-large:20px;--awb-spacing-left-large:3.2%;--awb-width-medium:80%;--awb-order-medium:0;--awb-spacing-right-medium:2.4%;--awb-spacing-left-medium:2.4%;--awb-width-small:100%;--awb-order-small:0;--awb-spacing-right-small:1.92%;--awb-spacing-left-small:1.92%;\"><div class=\"fusion-column-wrapper fusion-column-has-shadow fusion-flex-justify-content-flex-start fusion-content-layout-column\"><div class=\"fusion-title title fusion-title-2 fusion-sep-none fusion-title-text fusion-title-size-one\" style=\"--awb-margin-top-small:10px;--awb-margin-right-small:0px;--awb-margin-bottom-small:10px;--awb-margin-left-small:0px;\"><h1 class=\"fusion-title-heading title-heading-left fusion-responsive-typography-calculated\" style=\"margin:0;--fontSize:47;line-height:1.1;\">Celtic Lift<\/h1><\/div><div class=\"fusion-text fusion-text-2\"><p>Le nouvel ascenseur Celtic est une innovation n\u00e9e d\u2019une collaboration avec des hautes \u00e9coles d\u2019ing\u00e9nieurs EPFL, HEIA-FR et HE-ARC. Ce projet a \u00e9t\u00e9 orient\u00e9 sur la conception d\u2019une nouvelle cabine d\u2019ascenseur avec pour buts une augmentation significative de 8% \u00e0 15% de l\u2019espace utile, ainsi qu\u2019une optimisation du confort et de la qualit\u00e9 per\u00e7us par l\u2019utilisateur.<\/p>\n<p>Ce d\u00e9veloppement a \u00e9galement n\u00e9cessit\u00e9 l\u2019utilisation de nouveaux mat\u00e9riaux. La m\u00e9thode pour la fabrication des panneaux est un proc\u00e9d\u00e9 de stratification et de polym\u00e9risation sous vide. Elle se compose de fibres de verre associ\u00e9es \u00e0 de la r\u00e9sine \u00e9poxy avec au centre un noyau en mousse PET recycl\u00e9. Cette nouvelle approche offre ainsi une nouvelle cabine plus l\u00e9g\u00e8re et plus solide, pens\u00e9e pour une maintenance optimis\u00e9e.<\/p>\n<p><strong>Lanc\u00e9 en mars 2020, ce sont aujourd\u2019hui plus de 25 Ascenseurs Celtic install\u00e9s en Suisse romande.<\/strong><\/p>\n<\/div><div class=\"md-text-align-center sm-text-align-center\" style=\"text-align:left;\"><a class=\"fusion-button button-flat fusion-button-default-size button-custom fusion-button-default button-1 fusion-button-default-span fusion-button-default-type\" style=\"--button_accent_color:var(--awb-color5);--button_border_color:var(--awb-color5);--button_accent_hover_color:var(--awb-color5);--button_border_hover_color:var(--awb-color5);--button_gradient_top_color:rgba(0,0,0,0);--button_gradient_bottom_color:rgba(0,0,0,0);--button_gradient_top_color_hover:rgba(0,0,0,0);--button_gradient_bottom_color_hover:rgba(0,0,0,0);--button_padding-left:1px;\" target=\"_self\" href=\"\/en\/portfolio-produits\/celtic-lift\/\"><span class=\"fusion-button-text awb-button__text awb-button__text--default\">Plus d&rsquo;info<\/span><i class=\"builder-arrow awb-button__icon awb-button__icon--default button-icon-right\" aria-hidden=\"true\"><\/i><\/a><\/div><\/div><\/div><\/div><\/div><\/div><div id=\"talents\" class=\"fusion-container-anchor\"><div class=\"fusion-fullwidth fullwidth-box fusion-builder-row-4 fusion-flex-container has-pattern-background has-mask-background nonhundred-percent-fullwidth non-hundred-percent-height-scrolling\" style=\"--awb-border-radius-top-left:0px;--awb-border-radius-top-right:0px;--awb-border-radius-bottom-right:0px;--awb-border-radius-bottom-left:0px;--awb-padding-top:5%;--awb-padding-bottom:5%;--awb-padding-top-medium:10%;--awb-padding-bottom-medium:10%;--awb-padding-top-small:15%;--awb-padding-right-small:30px;--awb-padding-bottom-small:15%;--awb-padding-left-small:30px;--awb-margin-top:0px;--awb-margin-bottom:0px;--awb-background-color:var(--awb-color2);--awb-flex-wrap:wrap;\" ><div class=\"fusion-builder-row fusion-row fusion-flex-align-items-flex-start fusion-flex-justify-content-center fusion-flex-content-wrap\" style=\"max-width:1424.8px;margin-left: calc(-4% \/ 2 );margin-right: calc(-4% \/ 2 );\"><div class=\"fusion-layout-column fusion_builder_column fusion-builder-column-4 fusion_builder_column_1_4 1_4 fusion-flex-column\" style=\"--awb-bg-size:cover;--awb-width-large:25%;--awb-margin-top-large:0px;--awb-spacing-right-large:7.68%;--awb-margin-bottom-large:20px;--awb-spacing-left-large:7.68%;--awb-width-medium:80%;--awb-order-medium:0;--awb-spacing-right-medium:2.4%;--awb-spacing-left-medium:2.4%;--awb-width-small:100%;--awb-order-small:0;--awb-spacing-right-small:1.92%;--awb-spacing-left-small:1.92%;\"><div class=\"fusion-column-wrapper fusion-column-has-shadow fusion-flex-justify-content-flex-start fusion-content-layout-column\"><div class=\"fusion-image-element\" style=\"--awb-margin-top:25px;--awb-caption-title-font-family:var(--h2_typography-font-family);--awb-caption-title-font-weight:var(--h2_typography-font-weight);--awb-caption-title-font-style:var(--h2_typography-font-style);--awb-caption-title-size:var(--h2_typography-font-size);--awb-caption-title-transform:var(--h2_typography-text-transform);--awb-caption-title-line-height:var(--h2_typography-line-height);--awb-caption-title-letter-spacing:var(--h2_typography-letter-spacing);\"><span class=\"fusion-imageframe imageframe-none imageframe-3 hover-type-none\"><a class=\"fusion-no-lightbox\" href=\"https:\/\/www.celtic-lift.ch\/index.php\" target=\"_blank\" aria-label=\"entreprise\" rel=\"noopener noreferrer\"><img decoding=\"async\" width=\"800\" height=\"800\" alt=\"Vers le site Celtic-Lift de Men\u00e9trey Ascenseurs\" src=\"https:\/\/menetrey-lift.ch\/wp-content\/uploads\/2022\/08\/entreprise.jpg\" data-orig-src=\"https:\/\/ascenseurs-menetrey.ch\/wp-content\/uploads\/2022\/08\/entreprise.jpg\" class=\"lazyload img-responsive wp-image-29641\" srcset=\"data:image\/svg+xml,%3Csvg%20xmlns%3D%27http%3A%2F%2Fwww.w3.org%2F2000%2Fsvg%27%20width%3D%27800%27%20height%3D%27800%27%20viewBox%3D%270%200%20800%20800%27%3E%3Crect%20width%3D%27800%27%20height%3D%27800%27%20fill-opacity%3D%220%22%2F%3E%3C%2Fsvg%3E\" data-srcset=\"https:\/\/menetrey-lift.ch\/wp-content\/uploads\/2022\/08\/entreprise-200x200.jpg 200w, https:\/\/menetrey-lift.ch\/wp-content\/uploads\/2022\/08\/entreprise-400x400.jpg 400w, https:\/\/menetrey-lift.ch\/wp-content\/uploads\/2022\/08\/entreprise-600x600.jpg 600w, https:\/\/menetrey-lift.ch\/wp-content\/uploads\/2022\/08\/entreprise.jpg 800w\" data-sizes=\"auto\" data-orig-sizes=\"(max-width: 640px) 100vw, 400px\" \/><\/a><\/span><\/div><\/div><\/div><div class=\"fusion-layout-column fusion_builder_column fusion-builder-column-5 fusion_builder_column_3_5 3_5 fusion-flex-column\" style=\"--awb-bg-size:cover;--awb-width-large:60%;--awb-margin-top-large:0px;--awb-spacing-right-large:3.2%;--awb-margin-bottom-large:20px;--awb-spacing-left-large:3.2%;--awb-width-medium:80%;--awb-order-medium:0;--awb-spacing-right-medium:2.4%;--awb-spacing-left-medium:2.4%;--awb-width-small:100%;--awb-order-small:0;--awb-spacing-right-small:1.92%;--awb-spacing-left-small:1.92%;\"><div class=\"fusion-column-wrapper fusion-column-has-shadow fusion-flex-justify-content-flex-start fusion-content-layout-column\"><div class=\"fusion-title title fusion-title-3 fusion-sep-none fusion-title-text fusion-title-size-one\" style=\"--awb-margin-top-small:10px;--awb-margin-right-small:0px;--awb-margin-bottom-small:10px;--awb-margin-left-small:0px;\"><h1 class=\"fusion-title-heading title-heading-left fusion-responsive-typography-calculated\" style=\"margin:0;--fontSize:47;line-height:1.1;\">Vivre dans l\u2019entreprise<\/h1><\/div><div class=\"fusion-text fusion-text-3\"><p>Les derni\u00e8res ann\u00e9es de vie de l\u2019entreprise ont donn\u00e9 l\u2019envie \u00e0 la Direction de prioriser un projet qui ne demandait qu\u2019\u00e0 \u00e9clore. Apr\u00e8s avoir pass\u00e9 du temps et de l\u2019\u00e9nergie \u00e0 optimiser les processus internes, apr\u00e8s avoir innov\u00e9 au niveau du produit et de la prestation, un focus important est maintenant donn\u00e9 sur la qualit\u00e9 de nos relations internes. D\u2019un point d\u00e9j\u00e0 caract\u00e9ris\u00e9 comme fort, nous avons eu l\u2019envie d\u2019en faire un vrai socle de notre fonctionnement.<\/p>\n<p>Depuis fin 2020, nous cheminons sur ces nouvelles voies qui font de la place \u00e0 l\u2019expression, \u00e0 l\u2019\u00e9change, \u00e0 l\u2019\u00e9motion \u2026 \u00e0 l\u2019humain !<\/p>\n<\/div><\/div><\/div><\/div><\/div><\/div><div id=\"projets\" class=\"fusion-container-anchor\"><div class=\"fusion-fullwidth fullwidth-box fusion-builder-row-5 fusion-flex-container has-pattern-background has-mask-background nonhundred-percent-fullwidth non-hundred-percent-height-scrolling\" style=\"--awb-border-radius-top-left:0px;--awb-border-radius-top-right:0px;--awb-border-radius-bottom-right:0px;--awb-border-radius-bottom-left:0px;--awb-padding-top:5%;--awb-padding-bottom:5%;--awb-padding-top-medium:10%;--awb-padding-bottom-medium:10%;--awb-padding-top-small:15%;--awb-padding-right-small:30px;--awb-padding-bottom-small:15%;--awb-padding-left-small:30px;--awb-margin-top:0px;--awb-margin-bottom:0px;--awb-background-color:var(--awb-color1);--awb-flex-wrap:wrap;\" ><div class=\"fusion-builder-row fusion-row fusion-flex-align-items-flex-start fusion-flex-justify-content-center fusion-flex-content-wrap\" style=\"max-width:1424.8px;margin-left: calc(-4% \/ 2 );margin-right: calc(-4% \/ 2 );\"><div class=\"fusion-layout-column fusion_builder_column fusion-builder-column-6 fusion_builder_column_1_4 1_4 fusion-flex-column\" style=\"--awb-bg-size:cover;--awb-width-large:25%;--awb-margin-top-large:0px;--awb-spacing-right-large:7.68%;--awb-margin-bottom-large:20px;--awb-spacing-left-large:7.68%;--awb-width-medium:80%;--awb-order-medium:0;--awb-spacing-right-medium:2.4%;--awb-spacing-left-medium:2.4%;--awb-width-small:100%;--awb-order-small:0;--awb-spacing-right-small:1.92%;--awb-spacing-left-small:1.92%;\"><div class=\"fusion-column-wrapper fusion-column-has-shadow fusion-flex-justify-content-flex-start fusion-content-layout-column\"><div class=\"fusion-image-element\" style=\"--awb-margin-top:25px;--awb-caption-title-font-family:var(--h2_typography-font-family);--awb-caption-title-font-weight:var(--h2_typography-font-weight);--awb-caption-title-font-style:var(--h2_typography-font-style);--awb-caption-title-size:var(--h2_typography-font-size);--awb-caption-title-transform:var(--h2_typography-text-transform);--awb-caption-title-line-height:var(--h2_typography-line-height);--awb-caption-title-letter-spacing:var(--h2_typography-letter-spacing);\"><span class=\"fusion-imageframe imageframe-none imageframe-4 hover-type-none\"><a class=\"fusion-no-lightbox\" href=\"https:\/\/www.celtic-lift.ch\/index.php\" target=\"_blank\" aria-label=\"innovation-pics\" rel=\"noopener noreferrer\"><img decoding=\"async\" width=\"800\" height=\"800\" alt=\"Vers le site Celtic-Lift de Men\u00e9trey Ascenseurs\" src=\"https:\/\/menetrey-lift.ch\/wp-content\/uploads\/2022\/08\/innovation-pics.jpg\" data-orig-src=\"https:\/\/ascenseurs-menetrey.ch\/wp-content\/uploads\/2022\/08\/innovation-pics.jpg\" class=\"lazyload img-responsive wp-image-29643\" srcset=\"data:image\/svg+xml,%3Csvg%20xmlns%3D%27http%3A%2F%2Fwww.w3.org%2F2000%2Fsvg%27%20width%3D%27800%27%20height%3D%27800%27%20viewBox%3D%270%200%20800%20800%27%3E%3Crect%20width%3D%27800%27%20height%3D%27800%27%20fill-opacity%3D%220%22%2F%3E%3C%2Fsvg%3E\" data-srcset=\"https:\/\/menetrey-lift.ch\/wp-content\/uploads\/2022\/08\/innovation-pics-200x200.jpg 200w, https:\/\/menetrey-lift.ch\/wp-content\/uploads\/2022\/08\/innovation-pics-400x400.jpg 400w, https:\/\/menetrey-lift.ch\/wp-content\/uploads\/2022\/08\/innovation-pics-600x600.jpg 600w, https:\/\/menetrey-lift.ch\/wp-content\/uploads\/2022\/08\/innovation-pics.jpg 800w\" data-sizes=\"auto\" data-orig-sizes=\"(max-width: 640px) 100vw, 400px\" \/><\/a><\/span><\/div><\/div><\/div><div class=\"fusion-layout-column fusion_builder_column fusion-builder-column-7 fusion_builder_column_3_5 3_5 fusion-flex-column\" style=\"--awb-bg-size:cover;--awb-width-large:60%;--awb-margin-top-large:0px;--awb-spacing-right-large:3.2%;--awb-margin-bottom-large:20px;--awb-spacing-left-large:3.2%;--awb-width-medium:80%;--awb-order-medium:0;--awb-spacing-right-medium:2.4%;--awb-spacing-left-medium:2.4%;--awb-width-small:100%;--awb-order-small:0;--awb-spacing-right-small:1.92%;--awb-spacing-left-small:1.92%;\"><div class=\"fusion-column-wrapper fusion-column-has-shadow fusion-flex-justify-content-flex-start fusion-content-layout-column\"><div class=\"fusion-title title fusion-title-4 fusion-sep-none fusion-title-text fusion-title-size-one\" style=\"--awb-margin-top-small:10px;--awb-margin-right-small:0px;--awb-margin-bottom-small:10px;--awb-margin-left-small:0px;\"><h1 class=\"fusion-title-heading title-heading-left fusion-responsive-typography-calculated\" style=\"margin:0;--fontSize:47;line-height:1.1;\">Projets en cours<\/h1><\/div><div class=\"fusion-text fusion-text-4\"><p>Depuis l\u2019\u00e9t\u00e9 2020 et la mise sur le march\u00e9 de CelticLift, nous travaillons sur la suite. Comment offrir encore plus de confort et d\u2019espace \u00e0 l\u2019utilisateur ? Comment augmenter la qualit\u00e9 de son exp\u00e9rience de voyage ? Comment doit se d\u00e9cliner l\u2019ascenseur de demain en face des grands d\u00e9fis actuels \u00e9nerg\u00e9tique et de mobilit\u00e9 ? Nous vous tiendrons au courant d\u00e8s que possible.<\/p>\n<p>Nous travaillons \u00e9galement sur le sujet de la maintenance pr\u00e9dictive. En collaboration avec l\u2019entreprise GradeSens nous menons des projets pilote afin d\u2019augmenter encore notre service au client. Un seul objectif : assurer la plus grande disponibilit\u00e9 possible de nos installations sous contrat de maintenance.<\/p>\n<\/div><\/div><\/div><\/div><\/div><\/div><\/p>","protected":false},"excerpt":{"rendered":"","protected":false},"author":1,"featured_media":0,"parent":0,"menu_order":0,"comment_status":"closed","ping_status":"closed","template":"100-width.php","meta":{"footnotes":""},"class_list":["post-29352","page","type-page","status-publish","hentry"],"_links":{"self":[{"href":"https:\/\/menetrey-lift.ch\/en\/wp-json\/wp\/v2\/pages\/29352","targetHints":{"allow":["GET"]}}],"collection":[{"href":"https:\/\/menetrey-lift.ch\/en\/wp-json\/wp\/v2\/pages"}],"about":[{"href":"https:\/\/menetrey-lift.ch\/en\/wp-json\/wp\/v2\/types\/page"}],"author":[{"embeddable":true,"href":"https:\/\/menetrey-lift.ch\/en\/wp-json\/wp\/v2\/users\/1"}],"replies":[{"embeddable":true,"href":"https:\/\/menetrey-lift.ch\/en\/wp-json\/wp\/v2\/comments?post=29352"}],"version-history":[{"count":23,"href":"https:\/\/menetrey-lift.ch\/en\/wp-json\/wp\/v2\/pages\/29352\/revisions"}],"predecessor-version":[{"id":31660,"href":"https:\/\/menetrey-lift.ch\/en\/wp-json\/wp\/v2\/pages\/29352\/revisions\/31660"}],"wp:attachment":[{"href":"https:\/\/menetrey-lift.ch\/en\/wp-json\/wp\/v2\/media?parent=29352"}],"curies":[{"name":"wp","href":"https:\/\/api.w.org\/{rel}","templated":true}]}}